{"id":1935,"date":"2023-03-18T12:58:17","date_gmt":"2023-03-18T11:58:17","guid":{"rendered":"https:\/\/soundexpo.it\/?page_id=1935"},"modified":"2023-05-02T16:09:32","modified_gmt":"2023-05-02T14:09:32","slug":"regolamento-visitatori","status":"publish","type":"page","link":"https:\/\/soundexpo.it\/index.php\/regolamento-visitatori\/","title":{"rendered":"Regolamento Visitatori"},"content":{"rendered":"<div class=\"wpb-content-wrapper\">[vc_row][vc_column][wgl_message_box type=&#8221;warning&#8221; title=&#8221;Regolamento Visitatori&#8221; text=&#8221;Tutti i Visitatori che partecipano a SoundExp\u00f2 accettano automaticamente il presente regolamento generale.&#8221;][wgl_spacing spacer_size=&#8221;30px&#8221;][wgl_custom_text font_size=&#8221;16&#8243;]\n<ol>\n<li>INGRESSO ALLA MANIFESTAZIONE<\/li>\n<\/ol>\n<p>\u00c8 consentito l&#8217;ingresso alla manifestazione soltanto con la stampa del biglietto generato nell&#8217;area riservata visitatore o con biglietto acquistato direttamente in biglietteria. In alternativa, \u00e8 possibile accedere tramite la lettura del QR Code del biglietto direttamente da dispositivo smartphone. Foto e immagini del biglietto NON sono ritenute un valido titolo di accesso.<\/p>\n<p>&nbsp;<\/p>\n<ol start=\"2\">\n<li>COMPORTAMENTI VIETATI<\/li>\n<\/ol>\n<p>Vendita di prodotti all\u2019interno del Quartiere Fieristico.&nbsp;\u00c8 severamente vietata la commercializzazione di prodotti all\u2019interno del Quartiere Fieristico. In caso di violazioni di tale prescrizione, ASSOC. ATLAS ETS avr\u00e0 la facolt\u00e0 di richiedere l\u2019intervento dell\u2019Autorit\u00e0 di Pubblica Sicurezza, la quale assumer\u00e0 tutti gli opportuni provvedimenti nei confronti del responsabile della suddetta violazione. ASSOC. ATLAS ETS avr\u00e0 la facolt\u00e0 di richiedere la restituzione del titolo d\u2019ingresso rilasciato al Visitatore per la libera circolazione all\u2019interno del Quartiere Fieristico.<\/p>\n<p>&nbsp;<\/p>\n<ol start=\"3\">\n<li>DIVIETO DI FUMO<\/li>\n<\/ol>\n<p>\u00c8 severamente vietato fumare all\u2019interno di tutto il Quartiere Fieristico. La violazione di tale prescrizione sar\u00e0 punita, ai sensi dell\u2019Art. 51 della L. 3\/2003, pubblicata in G.U. il 10 gennaio 2005, con sanzione amministrativa pari ad un minimo di \u20ac 27,50 e ad un massimo di \u20ac 275,00. Si precisa che, in osservanza della menzionata normativa, la suddetta sanzione \u00e8 raddoppiata qualora la violazione sia commessa in presenza di una donna incinta, di lattanti o di bambini fino a 12 anni.<\/p>\n<p>&nbsp;<\/p>\n<ol start=\"4\">\n<li>QUALIFICAZIONE DEL VISITATORE E TITOLO D\u2019INGRESSO<\/li>\n<\/ol>\n<ul>\n<li>Tutti i Visitatori, al momento della registrazione, devono fornire informazioni veritiere sulla loro identit\u00e0 e attivit\u00e0. In caso di dichiarazioni mendaci, l\u2019interessato sar\u00e0 perseguibile secondo quanto prescritto dalla Legge.<\/li>\n<\/ul>\n<ul>\n<li>Il titolo di ingresso \u00e8 valido per una sola giornata, fatta eccezione per particolari formule di abbonamento che potrebbero essere commercializzate tramite i canali ufficiali delle singole manifestazioni\/eventi.<\/li>\n<\/ul>\n<ul>\n<li>Non \u00e8 consentita l\u2019uscita temporanea dal Quartiere Fieristico ed il rientro nella stessa giornata fatto salvo l\u2019acquisto di un ulteriore titolo di ingresso, salvo diverse disposizioni stabilite Dall\u2019Organizzatore.<\/li>\n<\/ul>\n<ul>\n<li>Il biglietto di ingresso vidimato all\u2019ingresso non potr\u00e0 per alcun motivo essere rimborsato (art. 74 DPR n.633\/1972). Il biglietto deve essere conservato ed esibito in caso di controllo fiscale ogni qualvolta richiesto e fino alla definitiva uscita.<\/li>\n<\/ul>\n<ul>\n<li>Per beneficiare di tariffe ridotte, le categorie di Visitatori interessate devono esibire un documento di riconoscimento o un documento comprovante l\u2019attivit\u00e0 svolta, rilasciato dalle autorit\u00e0 competenti e in corso di validit\u00e0.<\/li>\n<\/ul>\n<p>&nbsp;<\/p>\n<ol start=\"5\">\n<li>RESPONSABILITA\u2019<\/li>\n<\/ol>\n<p>ASSOC. ATLAS ETS declina ogni responsabilit\u00e0 in merito a:<\/p>\n<ul>\n<li>Danneggiamenti a cose e\/o persone, all\u2019interno del Quartiere Fieristico, salvo che i fatti dannosi non siano ascrivibili a responsabilit\u00e0 esclusiva Dell\u2019Organizzatore;<\/li>\n<\/ul>\n<ul>\n<li>Informazioni mendaci e\/o ingannevoli veicolate tramite materiale promo-pubblicitario distribuito da terzi non autorizzati da dall\u2019Organizzatore.<\/li>\n<\/ul>\n<p>&nbsp;<\/p>\n<ol start=\"6\">\n<li>ANNULLAMENTO \u2013 RIPROGRAMMAZIONE MANIFESTAZIONI \/ EVENTI<\/li>\n<\/ol>\n<p>ASSOC. ATLAS ETS si riserva la facolt\u00e0 di annullare e\/o riprogrammare le Manifestazioni e\/o gli Eventi&nbsp;previsti nel proprio calendario. In tale caso il rimborso del titolo di ingresso avverr\u00e0 esclusivamente in caso di annullamento e\/o riprogrammazione da parte di ASSOC. ATLAS ETS in una delle seguenti forme, opportunamente comunicate dall\u2019Organizzatore al detentore del biglietto:&nbsp;tramite la riconferma della validit\u00e0 del biglietto per la manifestazione\/evento riprogrammato, oppure tramite emissione di un titolo di ingresso equipollente, fatte salve le disposizione normative, oppure tramite restituzione dell\u2019importo pagato in caso di annullamento definitivo.&nbsp;Nei suddetti casi, ASSOC. ATLAS ETS non sar\u00e0 in alcun modo responsabile per qualsiasi ulteriore costo,&nbsp;onere, spesa, danno sopportato dal detentore del biglietto.&nbsp;Il Detentore del biglietto prende altres\u00ec atto che determinati fatti quali condizioni climatiche avverse, ragioni di sicurezza e di ordine pubblico, cause di forza maggiore o altri fattori non imputabili a ALL\u2019ORGANIZZATORE potrebbero comportare l\u2019annullamento o la riprogrammazione di date e di orari della manifestazione\/evento. Resta esclusa ogni responsabilit\u00e0 di ASSOC. ATLAS ETS in presenza di tali situazioni.&nbsp;In tali casi il rimborso del titolo di ingresso avverr\u00e0, dietro comunicazione dell\u2019ASSOC. ATLAS ETS al&nbsp;detentore del biglietto, tramite la riconferma della validit\u00e0 del biglietto per la manifestazione\/evento riprogrammato, oppure tramite emissione di un titolo di ingresso equipollente, fatte salve le disposizione normative, oppure tramite restituzione dell\u2019importo pagato in caso di annullamento definitivo.&nbsp;ASSOC. ATLAS ETS non sar\u00e0 in alcun modo responsabile per qualsiasi ulteriore costo, onere, spesa,&nbsp;danno sopportato dal detentore del biglietto.&nbsp;ASSOC. ATLAS ETS non potr\u00e0 in alcun modo essere ritenuta responsabile nel caso in cui il detentore del&nbsp;titolo di ingresso, per ragioni indipendenti da cause imputabili a Dall\u2019Organizzatore, non partecipi alla&nbsp;manifestazione\/evento. Nessun rimborso, n\u00e9 risarcimento, in tal caso, sar\u00e0 dovuto all\u2019acquirente.<\/p>\n<p>&nbsp;<\/p>\n<ol start=\"7\">\n<li>FOTO\/VIDEO<\/li>\n<\/ol>\n<p>\u00c8 espressamente vietato ai Visitatori eseguire fotografie e filmati all\u2019interno del Quartiere Fieristico se non a fronte di espressa autorizzazione rilasciata Dall\u2019Organizzatore. Il divieto include: fotografie e video realizzati con qualsiasi tipo di apparecchiatura (smartphone, tablet, videocamere digitali, telecamere, etc.), nonch\u00e9 disegni o registrazioni audio. In caso di tale violazione, ASSOC. ATLAS ETS si riserva la facolt\u00e0 di tutelare, in ogni sede competente, i diritti d\u2019autore e gli altri diritti connessi. Il Detentore del biglietto entrando nel Quartiere Fieristico, accede ad un \u201cluogo di carattere pubblico\u201d. A questo proposito ASSOC. ATLAS ETS informa che, per il tramite di proprio personale e\/o di professionisti specificamente incaricati, proceder\u00e0 ad acquisire immagini fotografiche e\/o video riprese generiche, per documentare e promuovere la manifestazione\/evento sul proprio sito internet, sui prodotti editoriali ad esso collegati e su ogni altro supporto informativo cartaceo e digitale. Qualora il detentore del biglietto non desideri essere fotografato e\/o ripreso in maniera riconoscibile e\/o che non lo sia il minore che accompagna e di cui \u00e8 responsabile, \u00e8 pregato di comunicarlo all\u2019operatore riconoscibile grazie all\u2019apposito pass. Il detentore del biglietto non avr\u00e0 diritto ad alcun corrispettivo n\u00e9 indennizzo di sorta per l\u2019utilizzo dei materiali suddetti. ASSOC. ATLAS ETS non garantisce l\u2019oscuramento su canali on-line di eventuali terzi titolari autonomi del trattamento. Il detentore del biglietto prende altres\u00ec atto che tutte le aree esterne ed interne del Quartiere Fieristico, per motivi di sicurezza, sono sottoposte a video sorveglianza e che le immagini registrate sono trattate, come previsto dal Garante per la Privacy, a norma della disciplina generale in materia di protezione dei dati personali. Dette immagini, al verificarsi di eventi delittuosi o di particolare rilievo sotto il profilo dell\u2019ordine e della sicurezza pubblica, saranno messe a disposizione dell\u2019autorit\u00e0 giudiziaria o di polizia giudiziaria, qualora ne faccia richiesta.<\/p>\n<p>&nbsp;<\/p>\n<ol start=\"8\">\n<li>DISTRIBUZIONE E\/O DIFFUSIONE DI MATERIALI PROMO-PUBBLICITARI ALL\u2019INTERNO DEL QUARTIERE FIERISTICO<\/li>\n<\/ol>\n<p>\u00c8 vietata la distribuzione e\/o diffusione di materiali promo-pubblicitari all\u2019interno del Quartiere Fieristico. Il Visitatore che venisse colto nello svolgimento di tale attivit\u00e0 verr\u00e0 privato immediatamente del titolo d\u2019ingresso rilasciato per la libera circolazione all\u2019interno del Quartiere Fieristico.<\/p>\n<p>&nbsp;<\/p>\n<ol start=\"9\">\n<li>VARIE<\/li>\n<\/ol>\n<p>ASSOC. ATLAS ETS si riserva il diritto di vietare l\u2019accesso o di accompagnare all\u2019uscita quanti non&nbsp;rispettino il presente regolamento.<\/p>\n<p>&nbsp;<\/p>\n<ol start=\"10\">\n<li>DISPOSIZIONI GENERALI<\/li>\n<\/ol>\n<p>Il presente Regolamento Generale del Visitatore, redatto in lingua italiana quale lingua ufficiale, \u00e8 stato strutturato in conformit\u00e0 con la normativa nazionale, alla quale si deve fare riferimento per l\u2019interpretazione delle norme contenute all\u2019interno del presente Regolamento.&nbsp;ASSOC. ATLAS ETS si riserva il diritto di modificare in qualunque momento il Regolamento Generale del&nbsp;Visitatore. Copia aggiornata del Regolamento medesimo sar\u00e0 pubblicata all\u2019interno di tutti i siti web di Soundexpo.it e avr\u00e0 effetto immediato al momento della divulgazione.&nbsp;I termini e le Condizioni del presente Regolamento Generale del Visitatore, portati a debita conoscenza del Detentore del biglietto attraverso la pubblicazione sui siti web soundexpo.it rappresentano l\u2019unico contratto esistente fra le Parti.[\/wgl_custom_text][\/vc_column][\/vc_row]\n<\/div>","protected":false},"excerpt":{"rendered":"<p>[vc_row][vc_column][wgl_message_box type=&#8221;warning&#8221; title=&#8221;Regolamento Visitatori&#8221; text=&#8221;Tutti i Visitatori che partecipano a SoundExp\u00f2 accettano automaticamente il presente regolamento generale.&#8221;][wgl_spacing spacer_size=&#8221;30px&#8221;][wgl_custom_text font_size=&#8221;16&#8243;] INGRESSO ALLA MANIFESTAZIONE \u00c8 consentito l&#8217;ingresso alla manifestazione soltanto con la stampa del biglietto generato nell&#8217;area riservata visitatore o con biglietto acquistato direttamente in biglietteria. In alternativa, \u00e8 possibile accedere tramite la lettura del QR Code [&hellip;]<\/p>\n","protected":false},"author":1,"featured_media":0,"parent":0,"menu_order":0,"comment_status":"closed","ping_status":"closed","template":"","meta":{"footnotes":""},"class_list":["post-1935","page","type-page","status-publish","hentry"],"yoast_head":"<!-- This site is optimized with the Yoast SEO plugin v27.1.1 - https:\/\/yoast.com\/product\/yoast-seo-wordpress\/ -->\n<title>Regolamento Visitatori - SoundExp\u00f2<\/title>\n<meta name=\"description\" content=\"Regolamento Visitatori SoundExp\u00f2 Fiera degli strumenti Musicali e della Musica Musica In Fiera\" \/>\n<meta name=\"robots\" content=\"index, follow, max-snippet:-1, max-image-preview:large, max-video-preview:-1\" \/>\n<link rel=\"canonical\" href=\"https:\/\/soundexpo.it\/index.php\/regolamento-visitatori\/\" \/>\n<meta property=\"og:locale\" content=\"it_IT\" \/>\n<meta property=\"og:type\" content=\"article\" \/>\n<meta property=\"og:title\" content=\"Regolamento Visitatori - SoundExp\u00f2\" \/>\n<meta property=\"og:description\" content=\"Regolamento Visitatori SoundExp\u00f2 Fiera degli strumenti Musicali e della Musica Musica In Fiera\" \/>\n<meta property=\"og:url\" content=\"https:\/\/soundexpo.it\/index.php\/regolamento-visitatori\/\" \/>\n<meta property=\"og:site_name\" content=\"SoundExp\u00f2\" \/>\n<meta property=\"article:publisher\" content=\"https:\/\/www.facebook.com\/SoundExpoFiera\" \/>\n<meta property=\"article:modified_time\" content=\"2023-05-02T14:09:32+00:00\" \/>\n<meta property=\"og:image\" content=\"https:\/\/soundexpo.it\/wp-content\/uploads\/2023\/03\/Logo_yoast.jpg\" \/>\n\t<meta property=\"og:image:width\" content=\"1200\" \/>\n\t<meta property=\"og:image:height\" content=\"675\" \/>\n\t<meta property=\"og:image:type\" content=\"image\/jpeg\" \/>\n<meta name=\"twitter:card\" content=\"summary_large_image\" \/>\n<meta name=\"twitter:site\" content=\"@Fiera_SoundExpo\" \/>\n<meta name=\"twitter:label1\" content=\"Tempo di lettura stimato\" \/>\n\t<meta name=\"twitter:data1\" content=\"7 minuti\" \/>\n<script type=\"application\/ld+json\" class=\"yoast-schema-graph\">{\"@context\":\"https:\/\/schema.org\",\"@graph\":[{\"@type\":\"WebPage\",\"@id\":\"https:\/\/soundexpo.it\/index.php\/regolamento-visitatori\/\",\"url\":\"https:\/\/soundexpo.it\/index.php\/regolamento-visitatori\/\",\"name\":\"Regolamento Visitatori - SoundExp\u00f2\",\"isPartOf\":{\"@id\":\"https:\/\/soundexpo.it\/#website\"},\"datePublished\":\"2023-03-18T11:58:17+00:00\",\"dateModified\":\"2023-05-02T14:09:32+00:00\",\"description\":\"Regolamento Visitatori SoundExp\u00f2 Fiera degli strumenti Musicali e della Musica Musica In Fiera\",\"breadcrumb\":{\"@id\":\"https:\/\/soundexpo.it\/index.php\/regolamento-visitatori\/#breadcrumb\"},\"inLanguage\":\"it-IT\",\"potentialAction\":[{\"@type\":\"ReadAction\",\"target\":[\"https:\/\/soundexpo.it\/index.php\/regolamento-visitatori\/\"]}]},{\"@type\":\"BreadcrumbList\",\"@id\":\"https:\/\/soundexpo.it\/index.php\/regolamento-visitatori\/#breadcrumb\",\"itemListElement\":[{\"@type\":\"ListItem\",\"position\":1,\"name\":\"Home\",\"item\":\"https:\/\/soundexpo.it\/\"},{\"@type\":\"ListItem\",\"position\":2,\"name\":\"Regolamento Visitatori\"}]},{\"@type\":\"WebSite\",\"@id\":\"https:\/\/soundexpo.it\/#website\",\"url\":\"https:\/\/soundexpo.it\/\",\"name\":\"SoundExpo.it\",\"description\":\"Salone della Musica\",\"publisher\":{\"@id\":\"https:\/\/soundexpo.it\/#organization\"},\"potentialAction\":[{\"@type\":\"SearchAction\",\"target\":{\"@type\":\"EntryPoint\",\"urlTemplate\":\"https:\/\/soundexpo.it\/?s={search_term_string}\"},\"query-input\":{\"@type\":\"PropertyValueSpecification\",\"valueRequired\":true,\"valueName\":\"search_term_string\"}}],\"inLanguage\":\"it-IT\"},{\"@type\":\"Organization\",\"@id\":\"https:\/\/soundexpo.it\/#organization\",\"name\":\"SoundExp\u00f2\",\"alternateName\":\"SE\",\"url\":\"https:\/\/soundexpo.it\/\",\"logo\":{\"@type\":\"ImageObject\",\"inLanguage\":\"it-IT\",\"@id\":\"https:\/\/soundexpo.it\/#\/schema\/logo\/image\/\",\"url\":\"https:\/\/soundexpo.it\/wp-content\/uploads\/2023\/03\/SoundExpo_696.jpg\",\"contentUrl\":\"https:\/\/soundexpo.it\/wp-content\/uploads\/2023\/03\/SoundExpo_696.jpg\",\"width\":696,\"height\":696,\"caption\":\"SoundExp\u00f2\"},\"image\":{\"@id\":\"https:\/\/soundexpo.it\/#\/schema\/logo\/image\/\"},\"sameAs\":[\"https:\/\/www.facebook.com\/SoundExpoFiera\",\"https:\/\/x.com\/Fiera_SoundExpo\",\"https:\/\/www.instagram.com\/soundexpo_fiera\"]}]}<\/script>\n<!-- \/ Yoast SEO plugin. -->","yoast_head_json":{"title":"Regolamento Visitatori - SoundExp\u00f2","description":"Regolamento Visitatori SoundExp\u00f2 Fiera degli strumenti Musicali e della Musica Musica In Fiera","robots":{"index":"index","follow":"follow","max-snippet":"max-snippet:-1","max-image-preview":"max-image-preview:large","max-video-preview":"max-video-preview:-1"},"canonical":"https:\/\/soundexpo.it\/index.php\/regolamento-visitatori\/","og_locale":"it_IT","og_type":"article","og_title":"Regolamento Visitatori - SoundExp\u00f2","og_description":"Regolamento Visitatori SoundExp\u00f2 Fiera degli strumenti Musicali e della Musica Musica In Fiera","og_url":"https:\/\/soundexpo.it\/index.php\/regolamento-visitatori\/","og_site_name":"SoundExp\u00f2","article_publisher":"https:\/\/www.facebook.com\/SoundExpoFiera","article_modified_time":"2023-05-02T14:09:32+00:00","og_image":[{"width":1200,"height":675,"url":"https:\/\/soundexpo.it\/wp-content\/uploads\/2023\/03\/Logo_yoast.jpg","type":"image\/jpeg"}],"twitter_card":"summary_large_image","twitter_site":"@Fiera_SoundExpo","twitter_misc":{"Tempo di lettura stimato":"7 minuti"},"schema":{"@context":"https:\/\/schema.org","@graph":[{"@type":"WebPage","@id":"https:\/\/soundexpo.it\/index.php\/regolamento-visitatori\/","url":"https:\/\/soundexpo.it\/index.php\/regolamento-visitatori\/","name":"Regolamento Visitatori - SoundExp\u00f2","isPartOf":{"@id":"https:\/\/soundexpo.it\/#website"},"datePublished":"2023-03-18T11:58:17+00:00","dateModified":"2023-05-02T14:09:32+00:00","description":"Regolamento Visitatori SoundExp\u00f2 Fiera degli strumenti Musicali e della Musica Musica In Fiera","breadcrumb":{"@id":"https:\/\/soundexpo.it\/index.php\/regolamento-visitatori\/#breadcrumb"},"inLanguage":"it-IT","potentialAction":[{"@type":"ReadAction","target":["https:\/\/soundexpo.it\/index.php\/regolamento-visitatori\/"]}]},{"@type":"BreadcrumbList","@id":"https:\/\/soundexpo.it\/index.php\/regolamento-visitatori\/#breadcrumb","itemListElement":[{"@type":"ListItem","position":1,"name":"Home","item":"https:\/\/soundexpo.it\/"},{"@type":"ListItem","position":2,"name":"Regolamento Visitatori"}]},{"@type":"WebSite","@id":"https:\/\/soundexpo.it\/#website","url":"https:\/\/soundexpo.it\/","name":"SoundExpo.it","description":"Salone della Musica","publisher":{"@id":"https:\/\/soundexpo.it\/#organization"},"potentialAction":[{"@type":"SearchAction","target":{"@type":"EntryPoint","urlTemplate":"https:\/\/soundexpo.it\/?s={search_term_string}"},"query-input":{"@type":"PropertyValueSpecification","valueRequired":true,"valueName":"search_term_string"}}],"inLanguage":"it-IT"},{"@type":"Organization","@id":"https:\/\/soundexpo.it\/#organization","name":"SoundExp\u00f2","alternateName":"SE","url":"https:\/\/soundexpo.it\/","logo":{"@type":"ImageObject","inLanguage":"it-IT","@id":"https:\/\/soundexpo.it\/#\/schema\/logo\/image\/","url":"https:\/\/soundexpo.it\/wp-content\/uploads\/2023\/03\/SoundExpo_696.jpg","contentUrl":"https:\/\/soundexpo.it\/wp-content\/uploads\/2023\/03\/SoundExpo_696.jpg","width":696,"height":696,"caption":"SoundExp\u00f2"},"image":{"@id":"https:\/\/soundexpo.it\/#\/schema\/logo\/image\/"},"sameAs":["https:\/\/www.facebook.com\/SoundExpoFiera","https:\/\/x.com\/Fiera_SoundExpo","https:\/\/www.instagram.com\/soundexpo_fiera"]}]}},"_links":{"self":[{"href":"https:\/\/soundexpo.it\/index.php\/wp-json\/wp\/v2\/pages\/1935","targetHints":{"allow":["GET"]}}],"collection":[{"href":"https:\/\/soundexpo.it\/index.php\/wp-json\/wp\/v2\/pages"}],"about":[{"href":"https:\/\/soundexpo.it\/index.php\/wp-json\/wp\/v2\/types\/page"}],"author":[{"embeddable":true,"href":"https:\/\/soundexpo.it\/index.php\/wp-json\/wp\/v2\/users\/1"}],"replies":[{"embeddable":true,"href":"https:\/\/soundexpo.it\/index.php\/wp-json\/wp\/v2\/comments?post=1935"}],"version-history":[{"count":0,"href":"https:\/\/soundexpo.it\/index.php\/wp-json\/wp\/v2\/pages\/1935\/revisions"}],"wp:attachment":[{"href":"https:\/\/soundexpo.it\/index.php\/wp-json\/wp\/v2\/media?parent=1935"}],"curies":[{"name":"wp","href":"https:\/\/api.w.org\/{rel}","templated":true}]}}